{"id":2,"date":"2026-02-23T10:11:53","date_gmt":"2026-02-23T08:11:53","guid":{"rendered":"\/?page_id=2"},"modified":"2026-03-24T14:32:53","modified_gmt":"2026-03-24T13:32:53","slug":"willkommen","status":"publish","type":"page","link":"https:\/\/www.reiki-rheine.de\/","title":{"rendered":"Willkommen bei Reiki Rheine"},"content":{"rendered":"\t\t<div data-elementor-type=\"wp-page\" data-elementor-id=\"2\" class=\"elementor elementor-2\">\n\t\t\t\t<div class=\"elementor-element elementor-element-67bbe73 e-flex e-con-boxed e-con e-parent\" data-id=\"67bbe73\" data-element_type=\"container\" data-e-type=\"container\">\n\t\t\t\t\t<div class=\"e-con-inner\">\n\t\t\t\t<div class=\"elementor-element elementor-element-7bcb069 elementor-widget elementor-widget-heading\" data-id=\"7bcb069\" data-element_type=\"widget\" data-e-type=\"widget\" data-widget_type=\"heading.default\">\n\t\t\t\t\t<h1 class=\"elementor-heading-title elementor-size-default\">Reiki Rheine - Herzlich Willkommen<\/h1>\t\t\t\t<\/div>\n\t\t\t\t<div class=\"elementor-element elementor-element-136eedc elementor-widget elementor-widget-text-editor\" data-id=\"136eedc\" data-element_type=\"widget\" data-e-type=\"widget\" data-widget_type=\"text-editor.default\">\n\t\t\t\t\t\t\t\t\t<p>Reiki Rheine<\/p>\t\t\t\t\t\t\t\t<\/div>\n\t\t\t\t\t<\/div>\n\t\t\t\t<\/div>\n\t\t<div class=\"elementor-element elementor-element-a54b924 e-flex e-con-boxed e-con e-parent\" data-id=\"a54b924\" data-element_type=\"container\" data-e-type=\"container\" data-settings=\"{&quot;background_background&quot;:&quot;classic&quot;}\">\n\t\t\t\t\t<div class=\"e-con-inner\">\n\t\t<div class=\"elementor-element elementor-element-c242d93 e-con-full e-flex e-con e-child\" data-id=\"c242d93\" data-element_type=\"container\" data-e-type=\"container\">\n\t\t\t\t<div class=\"elementor-element elementor-element-d24599c elementor-widget elementor-widget-image\" data-id=\"d24599c\" data-element_type=\"widget\" data-e-type=\"widget\" data-widget_type=\"image.default\">\n\t\t\t\t\t\t\t\t\t\t\t\t\t\t\t<img fetchpriority=\"high\" decoding=\"async\" width=\"768\" height=\"1024\" src=\"https:\/\/www.reiki-rheine.de\/wp-content\/uploads\/2026\/03\/IMG_7199-768x1024.jpg\" class=\"attachment-medium_large size-medium_large wp-image-221\" alt=\"\" srcset=\"https:\/\/www.reiki-rheine.de\/wp-content\/uploads\/2026\/03\/IMG_7199-768x1024.jpg 768w, https:\/\/www.reiki-rheine.de\/wp-content\/uploads\/2026\/03\/IMG_7199-225x300.jpg 225w, https:\/\/www.reiki-rheine.de\/wp-content\/uploads\/2026\/03\/IMG_7199-1152x1536.jpg 1152w, https:\/\/www.reiki-rheine.de\/wp-content\/uploads\/2026\/03\/IMG_7199-1140x1520.jpg 1140w, https:\/\/www.reiki-rheine.de\/wp-content\/uploads\/2026\/03\/IMG_7199.jpg 1536w\" sizes=\"(max-width: 768px) 100vw, 768px\" \/>\t\t\t\t\t\t\t\t\t\t\t\t\t\t\t<\/div>\n\t\t\t\t<\/div>\n\t\t<div class=\"elementor-element elementor-element-008036c e-con-full e-flex e-con e-child\" data-id=\"008036c\" data-element_type=\"container\" data-e-type=\"container\">\n\t\t\t\t<div class=\"elementor-element elementor-element-1ac9ea33 elementor-widget elementor-widget-text-editor\" data-id=\"1ac9ea33\" data-element_type=\"widget\" data-e-type=\"widget\" data-widget_type=\"text-editor.default\">\n\t\t\t\t\t\t\t\t\t<p><strong>Reiki &#8211; Die Universelle Lebensenergie<\/strong><\/p><p>Reiki (<b>rei\u00a0<\/b>= Universum, g\u00f6ttlich und\u00a0<b>ki<\/b>\u00a0= Lebensenergie)\u00a0 Reiki bedeutet soviel wie \u201euniverselle Lebensenergie\u201c. Der Gedanke dahinter: Diese Energie steht immer und allem zur Verf\u00fcgung.<\/p><p><strong>Reiki \u2013 Der Ursprung<\/strong><\/p><p>Etabliert wurde die japanische Engergie-Heilungsmethode vom buddhistischen M\u00f6nch und Gelehrten Mikao Usui, der sie\u00a01922 wiederentdeckte. In der westlichen Welt wurde sie durch die Hawaiianerin Hawayo Takata verbreitet, sie war die erste Meisterin au\u00dferhalb Japans.<\/p>\t\t\t\t\t\t\t\t<\/div>\n\t\t\t\t<\/div>\n\t\t<div class=\"elementor-element elementor-element-1f74bd3 e-con-full e-flex e-con e-child\" data-id=\"1f74bd3\" data-element_type=\"container\" data-e-type=\"container\">\n\t\t\t\t<div class=\"elementor-element elementor-element-531d417 elementor-widget elementor-widget-image\" data-id=\"531d417\" data-element_type=\"widget\" data-e-type=\"widget\" data-widget_type=\"image.default\">\n\t\t\t\t\t\t\t\t\t\t\t\t\t\t\t<img decoding=\"async\" width=\"768\" height=\"1024\" src=\"https:\/\/www.reiki-rheine.de\/wp-content\/uploads\/2026\/03\/astrid_DSC00345-768x1024.png\" class=\"attachment-medium_large size-medium_large wp-image-78\" alt=\"\" srcset=\"https:\/\/www.reiki-rheine.de\/wp-content\/uploads\/2026\/03\/astrid_DSC00345-768x1024.png 768w, https:\/\/www.reiki-rheine.de\/wp-content\/uploads\/2026\/03\/astrid_DSC00345-225x300.png 225w, https:\/\/www.reiki-rheine.de\/wp-content\/uploads\/2026\/03\/astrid_DSC00345-1152x1536.png 1152w, https:\/\/www.reiki-rheine.de\/wp-content\/uploads\/2026\/03\/astrid_DSC00345-1140x1520.png 1140w, https:\/\/www.reiki-rheine.de\/wp-content\/uploads\/2026\/03\/astrid_DSC00345.png 1536w\" sizes=\"(max-width: 768px) 100vw, 768px\" \/>\t\t\t\t\t\t\t\t\t\t\t\t\t\t\t<\/div>\n\t\t\t\t<\/div>\n\t\t\t\t\t<\/div>\n\t\t\t\t<\/div>\n\t\t<div class=\"elementor-element elementor-element-419d452 e-flex e-con-boxed e-con e-parent\" data-id=\"419d452\" data-element_type=\"container\" data-e-type=\"container\" data-settings=\"{&quot;background_background&quot;:&quot;gradient&quot;}\">\n\t\t\t\t\t<div class=\"e-con-inner\">\n\t\t<div class=\"elementor-element elementor-element-779b27f e-con-full e-flex e-con e-child\" data-id=\"779b27f\" data-element_type=\"container\" data-e-type=\"container\">\n\t\t\t\t<div class=\"elementor-element elementor-element-cfea961 elementor-widget elementor-widget-image\" data-id=\"cfea961\" data-element_type=\"widget\" data-e-type=\"widget\" data-widget_type=\"image.default\">\n\t\t\t\t\t\t\t\t\t\t\t\t\t\t\t<img decoding=\"async\" width=\"300\" height=\"198\" src=\"https:\/\/www.reiki-rheine.de\/wp-content\/uploads\/2026\/03\/reiki1-300x198.jpg\" class=\"attachment-medium size-medium wp-image-202\" alt=\"\" srcset=\"https:\/\/www.reiki-rheine.de\/wp-content\/uploads\/2026\/03\/reiki1-300x198.jpg 300w, https:\/\/www.reiki-rheine.de\/wp-content\/uploads\/2026\/03\/reiki1-500x330.jpg 500w, https:\/\/www.reiki-rheine.de\/wp-content\/uploads\/2026\/03\/reiki1.jpg 612w\" sizes=\"(max-width: 300px) 100vw, 300px\" \/>\t\t\t\t\t\t\t\t\t\t\t\t\t\t\t<\/div>\n\t\t\t\t<div class=\"elementor-element elementor-element-b089b27 elementor-widget elementor-widget-text-editor\" data-id=\"b089b27\" data-element_type=\"widget\" data-e-type=\"widget\" data-widget_type=\"text-editor.default\">\n\t\t\t\t\t\t\t\t\t<p>Reiki kann erg\u00e4nzend zur Schulmedizin eingesetzt werden, um die Selbstheilungskr\u00e4fte zu aktivieren. In den USA wird es komplement\u00e4r auch in Krankenh\u00e4usern angewendet.<\/p>\n<p>Auch in Deutschland: Im Unfallkrankenhaus Berlin wurde es drei Jahre lang an 800 Patienten ausprobiert, um bessere Heilerfolge zu erzielen. Das Ergebnis war \u00fcberzeugend, das UKB hat sein \u201eReiki-Personal\u201c aufgestockt.<\/p>\t\t\t\t\t\t\t\t<\/div>\n\t\t\t\t<\/div>\n\t\t<div class=\"elementor-element elementor-element-62b2f5c e-con-full e-flex e-con e-child\" data-id=\"62b2f5c\" data-element_type=\"container\" data-e-type=\"container\">\n\t\t\t\t<div class=\"elementor-element elementor-element-d113649 elementor-widget elementor-widget-heading\" data-id=\"d113649\" data-element_type=\"widget\" data-e-type=\"widget\" data-widget_type=\"heading.default\">\n\t\t\t\t\t<h5 class=\"elementor-heading-title elementor-size-default\">Seit 1922 wieder entdeckt<\/h5>\t\t\t\t<\/div>\n\t\t\t\t<div class=\"elementor-element elementor-element-6c13b78 elementor-widget elementor-widget-text-editor\" data-id=\"6c13b78\" data-element_type=\"widget\" data-e-type=\"widget\" data-widget_type=\"text-editor.default\">\n\t\t\t\t\t\t\t\t\t<p>Die Anwendung von Reiki \u2026<\/p>\n<ul>\n<li>\u2013 aktiviert die\u00a0Selbstheilungskr\u00e4fte, st\u00e4rkt das Immunsystem\u00a0<\/li>\n<li>\u2013 lindert\u00a0\u00c4ngste und Stress<\/li>\n<li>\u2013 l\u00f6st energetische Blockaden\u00a0<\/li>\n<li>\u2013 lindert k\u00f6rperliche Beschwerden<\/li>\n<li>\u2013 regeneriert K\u00f6rper und Geist\u00a0<\/li>\n<li>\u2013 kl\u00e4rt Gedanken\u00a0<\/li>\n<li>\u2013 unterst\u00fctzt die pers\u00f6nliche Entwicklung\u00a0<\/li>\n<li>\u2013 f\u00f6rdert die Bereitschaft des Loslassens\u00a0<\/li>\n<li>\u2013 verbessert die K\u00f6rperwahrnehmung<\/li>\n<li>\u2013 bewirkt ein Gef\u00fchl von Wohlbefinden und Ausgeglichenheit<\/li>\n<\/ul>\t\t\t\t\t\t\t\t<\/div>\n\t\t\t\t<\/div>\n\t\t\t\t\t<\/div>\n\t\t\t\t<\/div>\n\t\t<div class=\"elementor-element elementor-element-1341f14 e-flex e-con-boxed e-con e-parent\" data-id=\"1341f14\" data-element_type=\"container\" data-e-type=\"container\" data-settings=\"{&quot;background_background&quot;:&quot;gradient&quot;}\">\n\t\t\t\t\t<div class=\"e-con-inner\">\n\t\t<div class=\"elementor-element elementor-element-38e8d82 e-con-full e-flex e-con e-child\" data-id=\"38e8d82\" data-element_type=\"container\" data-e-type=\"container\">\n\t\t\t\t<div class=\"elementor-element elementor-element-92ba737 elementor-widget__width-initial elementor-widget elementor-widget-image\" data-id=\"92ba737\" data-element_type=\"widget\" data-e-type=\"widget\" data-widget_type=\"image.default\">\n\t\t\t\t\t\t\t\t\t\t\t\t\t\t\t<img loading=\"lazy\" decoding=\"async\" width=\"238\" height=\"211\" src=\"https:\/\/www.reiki-rheine.de\/wp-content\/uploads\/2026\/03\/reiki.jpeg\" class=\"attachment-medium size-medium wp-image-203\" alt=\"\" \/>\t\t\t\t\t\t\t\t\t\t\t\t\t\t\t<\/div>\n\t\t\t\t<\/div>\n\t\t<div class=\"elementor-element elementor-element-8a130d4 e-con-full e-flex e-con e-child\" data-id=\"8a130d4\" data-element_type=\"container\" data-e-type=\"container\">\n\t\t\t\t<div class=\"elementor-element elementor-element-008bbca elementor-widget elementor-widget-heading\" data-id=\"008bbca\" data-element_type=\"widget\" data-e-type=\"widget\" data-widget_type=\"heading.default\">\n\t\t\t\t\t<h5 class=\"elementor-heading-title elementor-size-default\">Heilende H\u00e4nde<\/h5>\t\t\t\t<\/div>\n\t\t\t\t<div class=\"elementor-element elementor-element-9587348 elementor-widget elementor-widget-text-editor\" data-id=\"9587348\" data-element_type=\"widget\" data-e-type=\"widget\" data-widget_type=\"text-editor.default\">\n\t\t\t\t\t\t\t\t\t<p>Reiki beruht auf der Idee, dass die universelle Lebensenergie (Ki, Prana) \u00fcber die H\u00e4nde \u00fcbertragen (kanalisiert) werden kann.<\/p>\n<p>Viele berichten von einer angenehmen W\u00e4rme, als wohltuend, erfrischend und entspannend, manche schlafen ein.<\/p>\t\t\t\t\t\t\t\t<\/div>\n\t\t\t\t<\/div>\n\t\t<div class=\"elementor-element elementor-element-45d7b5e e-con-full e-flex e-con e-child\" data-id=\"45d7b5e\" data-element_type=\"container\" data-e-type=\"container\">\n\t\t\t\t<div class=\"elementor-element elementor-element-4aeef89 elementor-widget elementor-widget-image\" data-id=\"4aeef89\" data-element_type=\"widget\" data-e-type=\"widget\" data-widget_type=\"image.default\">\n\t\t\t\t\t\t\t\t\t\t\t\t\t\t\t<img loading=\"lazy\" decoding=\"async\" width=\"201\" height=\"300\" src=\"https:\/\/www.reiki-rheine.de\/wp-content\/uploads\/2026\/03\/Cho-Ku-Rei-201x300.png\" class=\"attachment-medium size-medium wp-image-165\" alt=\"\" srcset=\"https:\/\/www.reiki-rheine.de\/wp-content\/uploads\/2026\/03\/Cho-Ku-Rei-201x300.png 201w, https:\/\/www.reiki-rheine.de\/wp-content\/uploads\/2026\/03\/Cho-Ku-Rei-686x1024.png 686w, https:\/\/www.reiki-rheine.de\/wp-content\/uploads\/2026\/03\/Cho-Ku-Rei-768x1146.png 768w, https:\/\/www.reiki-rheine.de\/wp-content\/uploads\/2026\/03\/Cho-Ku-Rei-1030x1536.png 1030w, https:\/\/www.reiki-rheine.de\/wp-content\/uploads\/2026\/03\/Cho-Ku-Rei-1140x1700.png 1140w, https:\/\/www.reiki-rheine.de\/wp-content\/uploads\/2026\/03\/Cho-Ku-Rei.png 1314w\" sizes=\"(max-width: 201px) 100vw, 201px\" \/>\t\t\t\t\t\t\t\t\t\t\t\t\t\t\t<\/div>\n\t\t\t\t<\/div>\n\t\t<div class=\"elementor-element elementor-element-f5a6689 e-con-full e-flex e-con e-child\" data-id=\"f5a6689\" data-element_type=\"container\" data-e-type=\"container\">\n\t\t\t\t<div class=\"elementor-element elementor-element-16d6da4 elementor-widget elementor-widget-heading\" data-id=\"16d6da4\" data-element_type=\"widget\" data-e-type=\"widget\" data-widget_type=\"heading.default\">\n\t\t\t\t\t<h5 class=\"elementor-heading-title elementor-size-default\">Energetische Behandlung<\/h5>\t\t\t\t<\/div>\n\t\t\t\t<div class=\"elementor-element elementor-element-c93928e elementor-widget elementor-widget-text-editor\" data-id=\"c93928e\" data-element_type=\"widget\" data-e-type=\"widget\" data-widget_type=\"text-editor.default\">\n\t\t\t\t\t\t\t\t\t<p>Dementsprechend ist es eine Form der energetischen Behandlung. \u00c4hnlich wie in anderen Formen energetischer Behandlung wie in der Traditionellen Chinesischen Medizin oder im Qi Gong, geistigen Heilen oder Shiatsu findet eine Reiki Behandlung durch sanftes Auflegen der H\u00e4nde auf oder \u00fcber dem bekleideten K\u00f6rper statt.<\/p>\t\t\t\t\t\t\t\t<\/div>\n\t\t\t\t<\/div>\n\t\t\t\t\t<\/div>\n\t\t\t\t<\/div>\n\t\t<div class=\"elementor-element elementor-element-648b729 e-flex e-con-boxed e-con e-parent\" data-id=\"648b729\" data-element_type=\"container\" data-e-type=\"container\" data-settings=\"{&quot;background_background&quot;:&quot;gradient&quot;}\">\n\t\t\t\t\t<div class=\"e-con-inner\">\n\t\t<div class=\"elementor-element elementor-element-72b3e10 e-con-full e-flex e-con e-child\" data-id=\"72b3e10\" data-element_type=\"container\" data-e-type=\"container\">\n\t\t\t\t<div class=\"elementor-element elementor-element-83a9639 elementor-widget elementor-widget-image\" data-id=\"83a9639\" data-element_type=\"widget\" data-e-type=\"widget\" data-widget_type=\"image.default\">\n\t\t\t\t\t\t\t\t\t\t\t\t\t\t\t<img loading=\"lazy\" decoding=\"async\" width=\"268\" height=\"300\" src=\"https:\/\/www.reiki-rheine.de\/wp-content\/uploads\/2026\/03\/Sei-He-Ki-268x300.png\" class=\"attachment-medium size-medium wp-image-171\" alt=\"\" srcset=\"https:\/\/www.reiki-rheine.de\/wp-content\/uploads\/2026\/03\/Sei-He-Ki-268x300.png 268w, https:\/\/www.reiki-rheine.de\/wp-content\/uploads\/2026\/03\/Sei-He-Ki-914x1024.png 914w, https:\/\/www.reiki-rheine.de\/wp-content\/uploads\/2026\/03\/Sei-He-Ki-768x860.png 768w, https:\/\/www.reiki-rheine.de\/wp-content\/uploads\/2026\/03\/Sei-He-Ki-1371x1536.png 1371w, https:\/\/www.reiki-rheine.de\/wp-content\/uploads\/2026\/03\/Sei-He-Ki-1140x1277.png 1140w, https:\/\/www.reiki-rheine.de\/wp-content\/uploads\/2026\/03\/Sei-He-Ki.png 1763w\" sizes=\"(max-width: 268px) 100vw, 268px\" \/>\t\t\t\t\t\t\t\t\t\t\t\t\t\t\t<\/div>\n\t\t\t\t<\/div>\n\t\t<div class=\"elementor-element elementor-element-5523d58 e-con-full e-flex e-con e-child\" data-id=\"5523d58\" data-element_type=\"container\" data-e-type=\"container\">\n\t\t\t\t<div class=\"elementor-element elementor-element-37f9b8b elementor-widget elementor-widget-heading\" data-id=\"37f9b8b\" data-element_type=\"widget\" data-e-type=\"widget\" data-widget_type=\"heading.default\">\n\t\t\t\t\t<h5 class=\"elementor-heading-title elementor-size-default\">Die Reiki Energie flie\u00dft<\/h5>\t\t\t\t<\/div>\n\t\t\t\t<div class=\"elementor-element elementor-element-d684e9f elementor-widget elementor-widget-text-editor\" data-id=\"d684e9f\" data-element_type=\"widget\" data-e-type=\"widget\" data-widget_type=\"text-editor.default\">\n\t\t\t\t\t\t\t\t\t<p>Die H\u00e4nde werden entweder intuitiv oder nach einer gewissen Reihenfolge auf bestimmte K\u00f6rperstellen gelegt oder \u00fcber den K\u00f6rper bewegt. Die Reiki Energie flie\u00dft w\u00e4hrend einer solchen Behandlung durch die H\u00e4nde des Behandelnden (als \u201eKanal\u201c) in den K\u00f6rper bzw. in das Energiefeld der behandelten Person.<\/p>\t\t\t\t\t\t\t\t<\/div>\n\t\t\t\t<\/div>\n\t\t<div class=\"elementor-element elementor-element-044cdc5 e-con-full e-flex e-con e-child\" data-id=\"044cdc5\" data-element_type=\"container\" data-e-type=\"container\">\n\t\t\t\t<div class=\"elementor-element elementor-element-5d95062 elementor-widget elementor-widget-heading\" data-id=\"5d95062\" data-element_type=\"widget\" data-e-type=\"widget\" data-widget_type=\"heading.default\">\n\t\t\t\t\t<h5 class=\"elementor-heading-title elementor-size-default\">Wohltuende Begleiter<\/h5>\t\t\t\t<\/div>\n\t\t\t\t<div class=\"elementor-element elementor-element-ae26d53 elementor-widget elementor-widget-text-editor\" data-id=\"ae26d53\" data-element_type=\"widget\" data-e-type=\"widget\" data-widget_type=\"text-editor.default\">\n\t\t\t\t\t\t\t\t\t<p>Wohltuende\u00a0Kl\u00e4nge und Schwingungen von sanfter Musik oder Klangschalen\u00a0begleiten meine Reiki Anwendungen.<\/p>\t\t\t\t\t\t\t\t<\/div>\n\t\t\t\t<\/div>\n\t\t<div class=\"elementor-element elementor-element-562f09d e-con-full e-flex e-con e-child\" data-id=\"562f09d\" data-element_type=\"container\" data-e-type=\"container\">\n\t\t\t\t<div class=\"elementor-element elementor-element-a0527ac elementor-widget elementor-widget-image\" data-id=\"a0527ac\" data-element_type=\"widget\" data-e-type=\"widget\" data-widget_type=\"image.default\">\n\t\t\t\t\t\t\t\t\t\t\t\t\t\t\t<img loading=\"lazy\" decoding=\"async\" width=\"151\" height=\"300\" src=\"https:\/\/www.reiki-rheine.de\/wp-content\/uploads\/2026\/03\/Reiki-151x300.png\" class=\"attachment-medium size-medium wp-image-170\" alt=\"\" srcset=\"https:\/\/www.reiki-rheine.de\/wp-content\/uploads\/2026\/03\/Reiki-151x300.png 151w, https:\/\/www.reiki-rheine.de\/wp-content\/uploads\/2026\/03\/Reiki-515x1024.png 515w, https:\/\/www.reiki-rheine.de\/wp-content\/uploads\/2026\/03\/Reiki-768x1527.png 768w, https:\/\/www.reiki-rheine.de\/wp-content\/uploads\/2026\/03\/Reiki-772x1536.png 772w, https:\/\/www.reiki-rheine.de\/wp-content\/uploads\/2026\/03\/Reiki.png 991w\" sizes=\"(max-width: 151px) 100vw, 151px\" \/>\t\t\t\t\t\t\t\t\t\t\t\t\t\t\t<\/div>\n\t\t\t\t<\/div>\n\t\t\t\t\t<\/div>\n\t\t\t\t<\/div>\n\t\t<div class=\"elementor-element elementor-element-d59c91d e-flex e-con-boxed e-con e-parent\" data-id=\"d59c91d\" data-element_type=\"container\" data-e-type=\"container\">\n\t\t\t\t\t<div class=\"e-con-inner\">\n\t\t\t\t<div class=\"elementor-element elementor-element-796e777 elementor-widget elementor-widget-heading\" data-id=\"796e777\" data-element_type=\"widget\" data-e-type=\"widget\" data-widget_type=\"heading.default\">\n\t\t\t\t\t<h3 class=\"elementor-heading-title elementor-size-default\">F\u00fcr wen ist Reiki geeignet?<\/h3>\t\t\t\t<\/div>\n\t\t\t\t<div class=\"elementor-element elementor-element-67ebc52 elementor-widget elementor-widget-text-editor\" data-id=\"67ebc52\" data-element_type=\"widget\" data-e-type=\"widget\" data-widget_type=\"text-editor.default\">\n\t\t\t\t\t\t\t\t\t<p>F\u00fcr (fast) jeden, egal ob S\u00e4ugling, Teenager oder Erwachsene, und sogar f\u00fcr alle, die sich einfach nur fallen lassen m\u00f6chten:<\/p><p>Reiki erfordert keine Vorbereitung oder Konzentration, sondern ist ein \u201eGeschehen-Lassen\u201c.<\/p><p>Mit universeller Reiki Energie\u00a0<span style=\"letter-spacing: 0px;\">l\u00f6sen sich Blockaden und Deine Selbstheilungskr\u00e4fte werden aktiviert.<\/span><\/p>\t\t\t\t\t\t\t\t<\/div>\n\t\t\t\t<div class=\"elementor-element elementor-element-bd8fe98 elementor-invisible elementor-widget elementor-widget-heading\" data-id=\"bd8fe98\" data-element_type=\"widget\" data-e-type=\"widget\" data-settings=\"{&quot;_animation&quot;:&quot;fadeIn&quot;}\" data-widget_type=\"heading.default\">\n\t\t\t\t\t<h3 class=\"elementor-heading-title elementor-size-default\">G\u00f6nne Dir eine pers\u00f6nliche eine Auszeit !<\/h3>\t\t\t\t<\/div>\n\t\t\t\t<div class=\"elementor-element elementor-element-2301cda elementor-widget elementor-widget-text-editor\" data-id=\"2301cda\" data-element_type=\"widget\" data-e-type=\"widget\" data-widget_type=\"text-editor.default\">\n\t\t\t\t\t\t\t\t\t<p>Und genie\u00dfe, bei einer Reiki Behandlung nichts tun zu m\u00fcssen, einfach sp\u00fcren, loslassen und genie\u00dfen \u2026<\/p>\t\t\t\t\t\t\t\t<\/div>\n\t\t\t\t<div class=\"elementor-element elementor-element-d1a3220 elementor-align-center elementor-invisible elementor-widget elementor-widget-button\" data-id=\"d1a3220\" data-element_type=\"widget\" data-e-type=\"widget\" data-settings=\"{&quot;_animation&quot;:&quot;bounceIn&quot;}\" data-widget_type=\"button.default\">\n\t\t\t\t\t\t\t\t\t\t<a class=\"elementor-button elementor-button-link elementor-size-sm\" href=\"https:\/\/www.yoga-rheine.de\/wunschtermin\/\" target=\"_blank\">\n\t\t\t\t\t\t<span class=\"elementor-button-content-wrapper\">\n\t\t\t\t\t\t\t\t\t<span class=\"elementor-button-text\">Und vereinbare hier deinen pers\u00f6nlichen Wunschtermin!<\/span>\n\t\t\t\t\t<\/span>\n\t\t\t\t\t<\/a>\n\t\t\t\t\t\t\t\t<\/div>\n\t\t\t\t\t<\/div>\n\t\t\t\t<\/div>\n\t\t<div class=\"elementor-element elementor-element-4a4106c e-flex e-con-boxed e-con e-parent\" data-id=\"4a4106c\" data-element_type=\"container\" data-e-type=\"container\" data-settings=\"{&quot;background_background&quot;:&quot;classic&quot;}\">\n\t\t\t\t\t<div class=\"e-con-inner\">\n\t\t\t\t<div class=\"elementor-element elementor-element-3ec4155 elementor-widget elementor-widget-heading\" data-id=\"3ec4155\" data-element_type=\"widget\" data-e-type=\"widget\" data-widget_type=\"heading.default\">\n\t\t\t\t\t<h6 class=\"elementor-heading-title elementor-size-default\">Gesundheitshinweis<\/h6>\t\t\t\t<\/div>\n\t\t\t\t<div class=\"elementor-element elementor-element-3e9217b elementor-widget elementor-widget-text-editor\" data-id=\"3e9217b\" data-element_type=\"widget\" data-e-type=\"widget\" data-widget_type=\"text-editor.default\">\n\t\t\t\t\t\t\t\t\t<p>Aus rechtlichen Gr\u00fcnden wird darauf hingewiesen, dass es sich bei meinen Angeboten um reine Entspannungsmethoden handelt. Sie sind keine therapeutische Behandlungen und ersetzen keinen Arzt, Heilpraktiker oder Psychologen. Bei psychischen Problemen (z. B. Depressionen) sollte vorher mit einem Therapeuten abgekl\u00e4rt werden, ob eine Reiki Behandlung zum aktuellen Zeitpunkt sinnvoll ist.<\/p>\t\t\t\t\t\t\t\t<\/div>\n\t\t\t\t\t<\/div>\n\t\t\t\t<\/div>\n\t\t\t\t<\/div>\n\t\t","protected":false},"excerpt":{"rendered":"<p>Reiki Rheine &#8211; Herzlich Willkommen Reiki Rheine Reiki &#8211; Die Universelle Lebensenergie Reiki (rei\u00a0= Universum, g\u00f6ttlich und\u00a0ki\u00a0= Lebensenergie)\u00a0 Reiki bedeutet soviel wie \u201euniverselle Lebensenergie\u201c. Der Gedanke dahinter: Diese Energie steht immer und allem zur Verf\u00fcgung. Reiki \u2013 Der Ursprung Etabliert wurde die japanische Engergie-Heilungsmethode vom buddhistischen M\u00f6nch und Gelehrten Mikao Usui, der sie\u00a01922 wiederentdeckte. In der westlichen Welt wurde sie durch die Hawaiianerin Hawayo Takata verbreitet, sie war die erste Meisterin au\u00dferhalb Japans. Reiki kann erg\u00e4nzend zur Schulmedizin eingesetzt werden, um die Selbstheilungskr\u00e4fte zu aktivieren. In den USA wird es komplement\u00e4r auch in Krankenh\u00e4usern angewendet. Auch in Deutschland: Im Unfallkrankenhaus Berlin wurde es drei Jahre lang an 800 Patienten ausprobiert, um bessere Heilerfolge zu erzielen. Das Ergebnis war \u00fcberzeugend, das UKB hat sein \u201eReiki-Personal\u201c aufgestockt. Seit 1922 wieder entdeckt Die Anwendung von Reiki \u2026 \u2013 aktiviert die\u00a0Selbstheilungskr\u00e4fte, st\u00e4rkt das Immunsystem\u00a0 \u2013 lindert\u00a0\u00c4ngste und Stress \u2013 l\u00f6st energetische Blockaden\u00a0 \u2013 lindert k\u00f6rperliche Beschwerden \u2013 regeneriert K\u00f6rper und Geist\u00a0 \u2013 kl\u00e4rt Gedanken\u00a0 \u2013 unterst\u00fctzt die pers\u00f6nliche Entwicklung\u00a0 \u2013 f\u00f6rdert die Bereitschaft des Loslassens\u00a0 \u2013 verbessert die K\u00f6rperwahrnehmung \u2013 bewirkt ein Gef\u00fchl von Wohlbefinden und Ausgeglichenheit Heilende H\u00e4nde Reiki beruht auf der Idee, dass die universelle Lebensenergie (Ki, Prana) \u00fcber die H\u00e4nde \u00fcbertragen (kanalisiert) werden kann. Viele berichten von einer angenehmen W\u00e4rme, als wohltuend, erfrischend und entspannend, manche schlafen ein. Energetische Behandlung Dementsprechend ist es eine Form der energetischen Behandlung. \u00c4hnlich wie in anderen Formen energetischer Behandlung wie in der Traditionellen Chinesischen Medizin oder im Qi Gong, geistigen Heilen oder Shiatsu findet eine Reiki Behandlung durch sanftes Auflegen der H\u00e4nde auf oder \u00fcber dem bekleideten K\u00f6rper statt. Die Reiki Energie flie\u00dft Die H\u00e4nde werden entweder intuitiv oder nach einer gewissen Reihenfolge auf bestimmte K\u00f6rperstellen gelegt oder \u00fcber den K\u00f6rper bewegt. Die Reiki Energie flie\u00dft w\u00e4hrend einer solchen Behandlung durch die H\u00e4nde des Behandelnden (als \u201eKanal\u201c) in den K\u00f6rper bzw. in das Energiefeld der behandelten Person. Wohltuende Begleiter Wohltuende\u00a0Kl\u00e4nge und Schwingungen von sanfter Musik oder Klangschalen\u00a0begleiten meine Reiki Anwendungen. F\u00fcr wen ist Reiki geeignet? F\u00fcr (fast) jeden, egal ob S\u00e4ugling, Teenager oder Erwachsene, und sogar f\u00fcr alle, die sich einfach nur fallen lassen m\u00f6chten: Reiki erfordert keine Vorbereitung oder Konzentration, sondern ist ein \u201eGeschehen-Lassen\u201c. Mit universeller Reiki Energie\u00a0l\u00f6sen sich Blockaden und Deine Selbstheilungskr\u00e4fte werden aktiviert. G\u00f6nne Dir eine pers\u00f6nliche eine Auszeit ! Und genie\u00dfe, bei einer Reiki Behandlung nichts tun zu m\u00fcssen, einfach sp\u00fcren, loslassen und genie\u00dfen \u2026 Und vereinbare hier deinen pers\u00f6nlichen Wunschtermin! Gesundheitshinweis Aus rechtlichen Gr\u00fcnden wird darauf hingewiesen, dass es sich bei meinen Angeboten um reine Entspannungsmethoden handelt. Sie sind keine therapeutische Behandlungen und ersetzen keinen Arzt, Heilpraktiker oder Psychologen. Bei psychischen Problemen (z. B. Depressionen) sollte vorher mit einem Therapeuten abgekl\u00e4rt werden, ob eine Reiki Behandlung zum aktuellen Zeitpunkt sinnvoll ist.<\/p>\n","protected":false},"author":2,"featured_media":0,"parent":0,"menu_order":0,"comment_status":"closed","ping_status":"closed","template":"elementor_header_footer","meta":{"footnotes":""},"class_list":["post-2","page","type-page","status-publish","hentry"],"aioseo_notices":[],"_links":{"self":[{"href":"https:\/\/www.reiki-rheine.de\/index.php?rest_route=\/wp\/v2\/pages\/2","targetHints":{"allow":["GET"]}}],"collection":[{"href":"https:\/\/www.reiki-rheine.de\/index.php?rest_route=\/wp\/v2\/pages"}],"about":[{"href":"https:\/\/www.reiki-rheine.de\/index.php?rest_route=\/wp\/v2\/types\/page"}],"author":[{"embeddable":true,"href":"https:\/\/www.reiki-rheine.de\/index.php?rest_route=\/wp\/v2\/users\/2"}],"replies":[{"embeddable":true,"href":"https:\/\/www.reiki-rheine.de\/index.php?rest_route=%2Fwp%2Fv2%2Fcomments&post=2"}],"version-history":[{"count":68,"href":"https:\/\/www.reiki-rheine.de\/index.php?rest_route=\/wp\/v2\/pages\/2\/revisions"}],"predecessor-version":[{"id":224,"href":"https:\/\/www.reiki-rheine.de\/index.php?rest_route=\/wp\/v2\/pages\/2\/revisions\/224"}],"wp:attachment":[{"href":"https:\/\/www.reiki-rheine.de\/index.php?rest_route=%2Fwp%2Fv2%2Fmedia&parent=2"}],"curies":[{"name":"wp","href":"https:\/\/api.w.org\/{rel}","templated":true}]}}