{"id":132,"date":"2026-03-22T13:55:27","date_gmt":"2026-03-22T12:55:27","guid":{"rendered":"https:\/\/www.reiki-rheine.de\/?page_id=132"},"modified":"2026-03-22T14:07:54","modified_gmt":"2026-03-22T13:07:54","slug":"widerrufsrecht","status":"publish","type":"page","link":"https:\/\/www.reiki-rheine.de\/?page_id=132","title":{"rendered":"Widerrufsrecht"},"content":{"rendered":"\t\t<div data-elementor-type=\"wp-post\" data-elementor-id=\"132\" class=\"elementor elementor-132\">\n\t\t\t\t<div class=\"elementor-element elementor-element-7d354f1 e-flex e-con-boxed e-con e-parent\" data-id=\"7d354f1\" data-element_type=\"container\" data-e-type=\"container\">\n\t\t\t\t\t<div class=\"e-con-inner\">\n\t\t\t\t<div class=\"elementor-element elementor-element-d9afd99 elementor-widget elementor-widget-heading\" data-id=\"d9afd99\" data-element_type=\"widget\" data-e-type=\"widget\" data-widget_type=\"heading.default\">\n\t\t\t\t\t<h1 class=\"elementor-heading-title elementor-size-default\">Widerrufsrecht<\/h1>\t\t\t\t<\/div>\n\t\t\t\t<div class=\"elementor-element elementor-element-653db35 elementor-widget elementor-widget-text-editor\" data-id=\"653db35\" data-element_type=\"widget\" data-e-type=\"widget\" data-widget_type=\"text-editor.default\">\n\t\t\t\t\t\t\t\t\t<p>Widerrufsrecht<\/p>\t\t\t\t\t\t\t\t<\/div>\n\t\t\t\t\t<\/div>\n\t\t\t\t<\/div>\n\t\t<div class=\"elementor-element elementor-element-f4ebb69 e-flex e-con-boxed e-con e-parent\" data-id=\"f4ebb69\" data-element_type=\"container\" data-e-type=\"container\">\n\t\t\t\t\t<div class=\"e-con-inner\">\n\t\t\t\t<div class=\"elementor-element elementor-element-005c652 elementor-widget elementor-widget-text-editor\" data-id=\"005c652\" data-element_type=\"widget\" data-e-type=\"widget\" data-widget_type=\"text-editor.default\">\n\t\t\t\t\t\t\t\t\t<div class=\"elementor-element elementor-element-a526880 elementor-icon-list--layout-traditional elementor-list-item-link-full_width elementor-widget elementor-widget-icon-list\" data-id=\"a526880\" data-element_type=\"widget\" data-e-type=\"widget\" data-widget_type=\"icon-list.default\"><div class=\"elementor-widget-container\"><div class=\"elementor-element elementor-element-d2cea08 elementor-widget elementor-widget-heading\" data-id=\"d2cea08\" data-element_type=\"widget\" data-e-type=\"widget\" data-widget_type=\"heading.default\"><div class=\"elementor-widget-container\">Sie haben das Recht, binnen 14 Tagen ohne Angabe von Gr\u00fcnden diesen Vertrag zu widerrufen.<\/div><\/div><div class=\"elementor-element elementor-element-51704561 elementor-widget elementor-widget-text-editor\" data-id=\"51704561\" data-element_type=\"widget\" data-e-type=\"widget\" data-widget_type=\"text-editor.default\"><div class=\"elementor-widget-container\"><p>Die Widerrufsfrist betr\u00e4gt 14 Tage ab dem Tag des Vertragsabschlusses (der Anmeldung bzw. der Terminvereinbarung).<\/p><p>Um Ihr Widerrufsrecht auszu\u00fcben, m\u00fcssen Sie uns mittels einer eindeutigen Erkl\u00e4rung (z.B. ein mit der Post versandter Brief oder eine\u00a0<a href=\"mailto:webmaster@reiki-rheine.de\" target=\"_blank\" rel=\"noopener\">E-Mail<\/a>) \u00fcber Ihren Entschluss, diesen Vertrag zu widerrufen, informieren. Sie k\u00f6nnen daf\u00fcr folgendes Muster Widerrufsformular verwenden, das jedoch nicht vorgeschrieben ist.<\/p><\/div><\/div><div class=\"elementor-element elementor-element-8a8d252 elementor-widget elementor-widget-text-editor\" data-id=\"8a8d252\" data-element_type=\"widget\" data-e-type=\"widget\" data-widget_type=\"text-editor.default\"><div class=\"elementor-widget-container\"><p>Wenn Sie den Vertrag widerrufen wollen, dann f\u00fcllen Sie bitte dieses Muster Formular aus und senden Sie es an<\/p><p>KLANG-Raum Astrid Lunkwitz<br \/>Ludgerusring 15<br \/>48432 Rheine<br \/>E-Mail: kontakt@reiki-rheine.de<\/p><p>\uf0a7 Hiermit widerrufe ich den von mir abgeschlossenen Vertrag \u00fcber die Erbringung der folgenden Dienstleistung<br \/>\uf0a7 Angebot \/ Dienstleistung<br \/>\uf0a7 Zeitraum des Angebots \/ Termin<br \/>\uf0a7 Angemeldet am \/ Termin vereinbart am<br \/>\uf0a7 Vorname und Nachname\u00a0<br \/>\uf0a7 Anschrift<br \/>\uf0a7 Unterschrift (nur bei Mitteilung auf Papier)<br \/>\uf0a7 Datum des Widerrufs<\/p><p>Sie k\u00f6nnen das Muster Widerrufsformular oder eine andere eindeutige Erkl\u00e4rung auch auf unserer Webseite\u00a0<a href=\"https:\/\/www.yoga-rheine.de\/formular-widerruf\">www.yoga-rheine.de\/formular-widerruf\/<\/a>\u00a0elektronisch ausf\u00fcllen und \u00fcbermitteln\u00a0siehe auch\u00a0Formular\u00a0unten). Machen Sie von dieser M\u00f6glichkeit Gebrauch, so werden wir Ihnen unverz\u00fcglich (z.B. per E-Mail) eine Best\u00e4tigung \u00fcber den Eingang eines solchen Widerrufs \u00fcbermitteln.<\/p><\/div><\/div><div class=\"elementor-element elementor-element-7db585c elementor-widget elementor-widget-text-editor\" data-id=\"7db585c\" data-element_type=\"widget\" data-e-type=\"widget\" data-widget_type=\"text-editor.default\"><div class=\"elementor-widget-container\"><p>Zur Wahrung der Widerrufsfrist reicht es aus, dass Sie die Mitteilung \u00fcber die Aus\u00fcbung des Widerrufsrechts vor Ablauf der Widerrufsfrist absenden.<\/p><p><b>Folgen des Widerrufs<\/b><\/p><p>Wenn Sie diesen Vertrag widerrufen, haben wir Ihnen alle Zahlungen, die wir von Ihnen erhalten haben, unverz\u00fcglich und sp\u00e4testens binnen vierzehn Tagen ab dem Tag zur\u00fcckzuzahlen, an dem die Mitteilung \u00fcber Ihren Widerruf dieses Vertrags bei uns eingegangen ist. F\u00fcr diese R\u00fcckzahlung verwenden wir dasselbe Zahlungsmittel, das Sie bei der urspr\u00fcnglichen Transaktion eingesetzt haben, es sei denn mit Ihnen wurde ausdr\u00fccklich etwas anderes vereinbart; in keinem Fall werden Ihnen wegen dieser R\u00fcckzahlung Entgelte berechnet.<\/p><p>Haben Sie verlangt, dass die Dienstleistungen w\u00e4hrend der Widerrufsfrist beginnen sollen, so haben Sie uns einen angemessenen Betrag zu zahlen, der dem Anteil der bis zu dem Zeitpunkt, zu dem Sie uns von der Aus\u00fcbung des Widerrufsrechts hinsichtlich dieses Vertrages unterrichten, bereits erbrachten Dienstleistungen im Vergleich zum Gesamtumfang der im Vertrag vorgesehenen Dienstleistungen entspricht.<\/p><p><strong>Ausschluss des Widerrufsrechts<\/strong><br \/>Ihr Widerrufsrecht erlischt vorzeitig bei Vertr\u00e4gen zur Erbringung von Dienstleistungen, wenn der Vertrag von beiden Seiten auf Ihren ausdr\u00fccklichen Wunsch vollst\u00e4ndig erf\u00fcllt ist, bevor Sie Ihr Widerrufsrecht ausge\u00fcbt haben. Dies kann dazu f\u00fchren, dass Sie die vertraglichen Zahlungsverpflichtungen f\u00fcr den Zeitraum bis zum Widerruf gleichwohl erf\u00fcllen.\u00a0<\/p><p>Zum\u00a0<a href=\"https:\/\/www.yoga-rheine.de\/impressum\/formular-widerruf\/\" target=\"_blank\" rel=\"noopener\">Formular &#8222;Widerruf&#8220; klicken Sie bitte hier<\/a>!<\/p><\/div><\/div><div class=\"elementor-element elementor-element-1feb66b elementor-widget elementor-widget-wpforms\" data-id=\"1feb66b\" data-element_type=\"widget\" data-e-type=\"widget\" data-widget_type=\"wpforms.default\"><div class=\"elementor-widget-container\"><div id=\"wpforms-17478\" class=\"wpforms-container wpforms-container-full\">\u00a0<\/div><\/div><\/div><div class=\"elementor-element elementor-element-519a823 elementor-widget elementor-widget-text-editor\" data-id=\"519a823\" data-element_type=\"widget\" data-e-type=\"widget\" data-widget_type=\"text-editor.default\"><div class=\"elementor-widget-container\"><p>Weitere Informationen hier:<\/p><\/div><\/div><div class=\"elementor-element elementor-element-1dc314b elementor-icon-list--layout-traditional elementor-list-item-link-full_width elementor-widget elementor-widget-icon-list\" data-id=\"1dc314b\" data-element_type=\"widget\" data-e-type=\"widget\" data-widget_type=\"icon-list.default\"><div class=\"elementor-widget-container\"><ul class=\"elementor-icon-list-items\"><li class=\"elementor-icon-list-item\"><a href=\"https:\/\/www.yoga-rheine.de\/impressum\"><i class=\"fas fa-chevron-circle-right\" aria-hidden=\"true\"><\/i><span class=\"elementor-icon-list-text\">Impressum<\/span><\/a><\/li><li class=\"elementor-icon-list-item\"><a href=\"https:\/\/www.yoga-rheine.de\/impressum\/privacy-policy\/\"><i class=\"fas fa-chevron-circle-right\" aria-hidden=\"true\"><\/i><span class=\"elementor-icon-list-text\">Privacy Policy \/ Datenschutz<\/span><\/a><\/li><li class=\"elementor-icon-list-item\"><a href=\"https:\/\/www.yoga-rheine.de\/impressum\/nutzungsbedingungen\/\"><i class=\"fas fa-chevron-circle-right\" aria-hidden=\"true\"><\/i><span class=\"elementor-icon-list-text\">Allgemeine Nutzungsbedingungen<\/span><\/a><\/li><li class=\"elementor-icon-list-item\"><a href=\"https:\/\/www.yoga-rheine.de\/impressum\/agb\/\"><i class=\"fas fa-chevron-circle-right\" aria-hidden=\"true\"><\/i><span class=\"elementor-icon-list-text\">Allgemeine Gesch\u00e4ftsbedingungen<\/span><\/a><\/li><\/ul><\/div><\/div><div class=\"elementor-element elementor-element-e3edcb1 elementor-view-default elementor-widget elementor-widget-icon\" data-id=\"e3edcb1\" data-element_type=\"widget\" data-e-type=\"widget\" data-widget_type=\"icon.default\"><div class=\"elementor-widget-container\"><div class=\"elementor-icon-wrapper\">\u00a0<\/div><\/div><\/div><\/div><\/div>\t\t\t\t\t\t\t\t<\/div>\n\t\t\t\t\t<\/div>\n\t\t\t\t<\/div>\n\t\t\t\t<\/div>\n\t\t","protected":false},"excerpt":{"rendered":"<p>Widerrufsrecht Widerrufsrecht Sie haben das Recht, binnen 14 Tagen ohne Angabe von Gr\u00fcnden diesen Vertrag zu widerrufen. Die Widerrufsfrist betr\u00e4gt 14 Tage ab dem Tag des Vertragsabschlusses (der Anmeldung bzw. der Terminvereinbarung). Um Ihr Widerrufsrecht auszu\u00fcben, m\u00fcssen Sie uns mittels einer eindeutigen Erkl\u00e4rung (z.B. ein mit der Post versandter Brief oder eine\u00a0E-Mail) \u00fcber Ihren Entschluss, diesen Vertrag zu widerrufen, informieren. Sie k\u00f6nnen daf\u00fcr folgendes Muster Widerrufsformular verwenden, das jedoch nicht vorgeschrieben ist. Wenn Sie den Vertrag widerrufen wollen, dann f\u00fcllen Sie bitte dieses Muster Formular aus und senden Sie es an KLANG-Raum Astrid LunkwitzLudgerusring 1548432 RheineE-Mail: kontakt@reiki-rheine.de \uf0a7 Hiermit widerrufe ich den von mir abgeschlossenen Vertrag \u00fcber die Erbringung der folgenden Dienstleistung\uf0a7 Angebot \/ Dienstleistung\uf0a7 Zeitraum des Angebots \/ Termin\uf0a7 Angemeldet am \/ Termin vereinbart am\uf0a7 Vorname und Nachname\u00a0\uf0a7 Anschrift\uf0a7 Unterschrift (nur bei Mitteilung auf Papier)\uf0a7 Datum des Widerrufs Sie k\u00f6nnen das Muster Widerrufsformular oder eine andere eindeutige Erkl\u00e4rung auch auf unserer Webseite\u00a0www.yoga-rheine.de\/formular-widerruf\/\u00a0elektronisch ausf\u00fcllen und \u00fcbermitteln\u00a0siehe auch\u00a0Formular\u00a0unten). Machen Sie von dieser M\u00f6glichkeit Gebrauch, so werden wir Ihnen unverz\u00fcglich (z.B. per E-Mail) eine Best\u00e4tigung \u00fcber den Eingang eines solchen Widerrufs \u00fcbermitteln. Zur Wahrung der Widerrufsfrist reicht es aus, dass Sie die Mitteilung \u00fcber die Aus\u00fcbung des Widerrufsrechts vor Ablauf der Widerrufsfrist absenden. Folgen des Widerrufs Wenn Sie diesen Vertrag widerrufen, haben wir Ihnen alle Zahlungen, die wir von Ihnen erhalten haben, unverz\u00fcglich und sp\u00e4testens binnen vierzehn Tagen ab dem Tag zur\u00fcckzuzahlen, an dem die Mitteilung \u00fcber Ihren Widerruf dieses Vertrags bei uns eingegangen ist. F\u00fcr diese R\u00fcckzahlung verwenden wir dasselbe Zahlungsmittel, das Sie bei der urspr\u00fcnglichen Transaktion eingesetzt haben, es sei denn mit Ihnen wurde ausdr\u00fccklich etwas anderes vereinbart; in keinem Fall werden Ihnen wegen dieser R\u00fcckzahlung Entgelte berechnet. Haben Sie verlangt, dass die Dienstleistungen w\u00e4hrend der Widerrufsfrist beginnen sollen, so haben Sie uns einen angemessenen Betrag zu zahlen, der dem Anteil der bis zu dem Zeitpunkt, zu dem Sie uns von der Aus\u00fcbung des Widerrufsrechts hinsichtlich dieses Vertrages unterrichten, bereits erbrachten Dienstleistungen im Vergleich zum Gesamtumfang der im Vertrag vorgesehenen Dienstleistungen entspricht. Ausschluss des WiderrufsrechtsIhr Widerrufsrecht erlischt vorzeitig bei Vertr\u00e4gen zur Erbringung von Dienstleistungen, wenn der Vertrag von beiden Seiten auf Ihren ausdr\u00fccklichen Wunsch vollst\u00e4ndig erf\u00fcllt ist, bevor Sie Ihr Widerrufsrecht ausge\u00fcbt haben. Dies kann dazu f\u00fchren, dass Sie die vertraglichen Zahlungsverpflichtungen f\u00fcr den Zeitraum bis zum Widerruf gleichwohl erf\u00fcllen.\u00a0 Zum\u00a0Formular &#8222;Widerruf&#8220; klicken Sie bitte hier! \u00a0 Weitere Informationen hier: Impressum Privacy Policy \/ Datenschutz Allgemeine Nutzungsbedingungen Allgemeine Gesch\u00e4ftsbedingungen \u00a0<\/p>\n","protected":false},"author":2,"featured_media":0,"parent":13,"menu_order":0,"comment_status":"closed","ping_status":"closed","template":"","meta":{"footnotes":""},"class_list":["post-132","page","type-page","status-publish","hentry"],"aioseo_notices":[],"_links":{"self":[{"href":"https:\/\/www.reiki-rheine.de\/index.php?rest_route=\/wp\/v2\/pages\/132","targetHints":{"allow":["GET"]}}],"collection":[{"href":"https:\/\/www.reiki-rheine.de\/index.php?rest_route=\/wp\/v2\/pages"}],"about":[{"href":"https:\/\/www.reiki-rheine.de\/index.php?rest_route=\/wp\/v2\/types\/page"}],"author":[{"embeddable":true,"href":"https:\/\/www.reiki-rheine.de\/index.php?rest_route=\/wp\/v2\/users\/2"}],"replies":[{"embeddable":true,"href":"https:\/\/www.reiki-rheine.de\/index.php?rest_route=%2Fwp%2Fv2%2Fcomments&post=132"}],"version-history":[{"count":19,"href":"https:\/\/www.reiki-rheine.de\/index.php?rest_route=\/wp\/v2\/pages\/132\/revisions"}],"predecessor-version":[{"id":151,"href":"https:\/\/www.reiki-rheine.de\/index.php?rest_route=\/wp\/v2\/pages\/132\/revisions\/151"}],"up":[{"embeddable":true,"href":"https:\/\/www.reiki-rheine.de\/index.php?rest_route=\/wp\/v2\/pages\/13"}],"wp:attachment":[{"href":"https:\/\/www.reiki-rheine.de\/index.php?rest_route=%2Fwp%2Fv2%2Fmedia&parent=132"}],"curies":[{"name":"wp","href":"https:\/\/api.w.org\/{rel}","templated":true}]}}