{"id":13,"date":"2026-03-17T13:32:10","date_gmt":"2026-03-17T12:32:10","guid":{"rendered":"https:\/\/www.reiki-rheine.de\/?page_id=13"},"modified":"2026-03-24T14:40:30","modified_gmt":"2026-03-24T13:40:30","slug":"impressum","status":"publish","type":"page","link":"https:\/\/www.reiki-rheine.de\/?page_id=13","title":{"rendered":"Impressum"},"content":{"rendered":"\t\t<div data-elementor-type=\"wp-post\" data-elementor-id=\"13\" class=\"elementor elementor-13\">\n\t\t\t\t<div class=\"elementor-element elementor-element-7d354f1 e-flex e-con-boxed e-con e-parent\" data-id=\"7d354f1\" data-element_type=\"container\" data-e-type=\"container\">\n\t\t\t\t\t<div class=\"e-con-inner\">\n\t\t\t\t<div class=\"elementor-element elementor-element-d9afd99 elementor-widget elementor-widget-heading\" data-id=\"d9afd99\" data-element_type=\"widget\" data-e-type=\"widget\" data-widget_type=\"heading.default\">\n\t\t\t\t\t<h1 class=\"elementor-heading-title elementor-size-default\">Impressum<\/h1>\t\t\t\t<\/div>\n\t\t\t\t\t<\/div>\n\t\t\t\t<\/div>\n\t\t<div class=\"elementor-element elementor-element-12dde41 e-flex e-con-boxed e-con e-parent\" data-id=\"12dde41\" data-element_type=\"container\" data-e-type=\"container\">\n\t\t\t\t\t<div class=\"e-con-inner\">\n\t\t<div class=\"elementor-element elementor-element-4faf362 e-con-full e-flex e-con e-child\" data-id=\"4faf362\" data-element_type=\"container\" data-e-type=\"container\">\n\t\t\t\t<div class=\"elementor-element elementor-element-03b7a83 elementor-widget elementor-widget-text-editor\" data-id=\"03b7a83\" data-element_type=\"widget\" data-e-type=\"widget\" data-widget_type=\"text-editor.default\">\n\t\t\t\t\t\t\t\t\t<p>Anbieterinformationen:<\/p><p><strong>Reiki Rheine<br \/>KLANG-Raum<br \/>Astrid Lunkwitz<\/strong><\/p><p>Ludgerusring 15<br \/>48432 Rheine<br \/>Deutschland<\/p><p>Website: www.reiki-rheine.de<br \/>Email: kontakt(at)reiki-rheine.de<\/p>\t\t\t\t\t\t\t\t<\/div>\n\t\t\t\t<\/div>\n\t\t<div class=\"elementor-element elementor-element-ca63c52 e-con-full e-flex e-con e-child\" data-id=\"ca63c52\" data-element_type=\"container\" data-e-type=\"container\">\n\t\t\t\t<div class=\"elementor-element elementor-element-91a5019 elementor-widget elementor-widget-text-editor\" data-id=\"91a5019\" data-element_type=\"widget\" data-e-type=\"widget\" data-widget_type=\"text-editor.default\">\n\t\t\t\t\t\t\t\t\t<p>Rechtliche Angaben:<\/p><p><strong>Vertretungsberechtigt<\/strong><\/p><p>Astrid Lunkwitz<br \/>USt.ID.nr. gem\u00e4\u00df \u00a7 27 a Umsatzsteuergesetz: <br \/>DE 173 457 304<\/p><p><strong>Inhaltlich Verantwortlicher\u00a0<\/strong>gem\u00e4\u00df TMG: <br \/>Astrid Lunkwitz<\/p><p><strong>Technisch Verantwortlicher:<\/strong>\u00a0Astrid Lunkwitz<\/p><p><strong>Webmaster<\/strong>: webmaster(at)reiki-rheine.de<\/p>\t\t\t\t\t\t\t\t<\/div>\n\t\t\t\t<\/div>\n\t\t\t\t\t<\/div>\n\t\t\t\t<\/div>\n\t\t<div class=\"elementor-element elementor-element-f4ebb69 e-flex e-con-boxed e-con e-parent\" data-id=\"f4ebb69\" data-element_type=\"container\" data-e-type=\"container\">\n\t\t\t\t\t<div class=\"e-con-inner\">\n\t\t\t\t<div class=\"elementor-element elementor-element-005c652 elementor-widget elementor-widget-text-editor\" data-id=\"005c652\" data-element_type=\"widget\" data-e-type=\"widget\" data-widget_type=\"text-editor.default\">\n\t\t\t\t\t\t\t\t\t<div class=\"elementor-element elementor-element-c850d3a elementor-widget elementor-widget-text-editor\" data-id=\"c850d3a\" data-element_type=\"widget\" data-e-type=\"widget\" data-widget_type=\"text-editor.default\"><div class=\"elementor-widget-container\"><p><strong>Bildquellen und -rechte<\/strong><br \/>Alle hier verwendeten Namen, Begriffe, Zeichen und Grafiken k\u00f6nnen Marken- oder Warenzeichen im Besitze ihrer rechtlichen Eigent\u00fcmer sein. Die Rechte aller erw\u00e4hnten und benutzten Marken- und Warenzeichen liegen ausschlie\u00dflich bei deren Besitzern.<br \/>Trotz sorgf\u00e4ltiger inhaltlicher Kontrolle \u00fcbernehmen wir keine Haftung f\u00fcr die Inhalte externer Links. F\u00fcr den Inhalt der verlinkten Seiten sind ausschlie\u00dflich deren Betreiber verantwortlich.<\/p><p>Alle hier verwendeten Namen, Begriffe, Zeichen und Grafiken k\u00f6nnen Marken- oder Warenzeichen im Besitze ihrer rechtlichen Eigent\u00fcmer sein. Die Rechte aller erw\u00e4hnten und benutzten Marken- und Warenzeichen liegen ausschlie\u00dflich bei deren Besitzern.<\/p><p>Weitere Informationen:<\/p><\/div><\/div><div class=\"elementor-element elementor-element-a526880 elementor-icon-list--layout-traditional elementor-list-item-link-full_width elementor-widget elementor-widget-icon-list\" data-id=\"a526880\" data-element_type=\"widget\" data-e-type=\"widget\" data-widget_type=\"icon-list.default\"><div class=\"elementor-widget-container\"><ul class=\"elementor-icon-list-items\"><li class=\"elementor-icon-list-item\"><a href=\"https:\/\/www.yoga-rheine.de\/privacy-policy\"><i class=\"fas fa-chevron-circle-right\" aria-hidden=\"true\"><\/i><span class=\"elementor-icon-list-text\">Privacy Policy \/ Datenschutz<\/span><\/a><\/li><li class=\"elementor-icon-list-item\"><a href=\"https:\/\/www.yoga-rheine.de\/nutzungsbedingungen\"><i class=\"fas fa-chevron-circle-right\" aria-hidden=\"true\"><\/i><span class=\"elementor-icon-list-text\">Allgemeine Nutzungsbedingungen<\/span><\/a><\/li><li class=\"elementor-icon-list-item\"><a href=\"https:\/\/www.yoga-rheine.de\/agb\"><i class=\"fas fa-chevron-circle-right\" aria-hidden=\"true\"><\/i><span class=\"elementor-icon-list-text\">Allgemeine Gesch\u00e4ftsbedingungen (AGB)<\/span><\/a><\/li><li class=\"elementor-icon-list-item\"><a href=\"https:\/\/www.yoga-rheine.de\/widerrufsrecht\"><i class=\"fas fa-chevron-circle-right\" aria-hidden=\"true\"><\/i><span class=\"elementor-icon-list-text\">Widerrufsrecht<\/span><\/a><\/li><\/ul><\/div><\/div>\t\t\t\t\t\t\t\t<\/div>\n\t\t\t\t\t<\/div>\n\t\t\t\t<\/div>\n\t\t\t\t<\/div>\n\t\t","protected":false},"excerpt":{"rendered":"<p>Impressum Anbieterinformationen: Reiki RheineKLANG-RaumAstrid Lunkwitz Ludgerusring 1548432 RheineDeutschland Website: www.reiki-rheine.deEmail: kontakt(at)reiki-rheine.de Rechtliche Angaben: Vertretungsberechtigt Astrid LunkwitzUSt.ID.nr. gem\u00e4\u00df \u00a7 27 a Umsatzsteuergesetz: DE 173 457 304 Inhaltlich Verantwortlicher\u00a0gem\u00e4\u00df TMG: Astrid Lunkwitz Technisch Verantwortlicher:\u00a0Astrid Lunkwitz Webmaster: webmaster(at)reiki-rheine.de Bildquellen und -rechteAlle hier verwendeten Namen, Begriffe, Zeichen und Grafiken k\u00f6nnen Marken- oder Warenzeichen im Besitze ihrer rechtlichen Eigent\u00fcmer sein. Die Rechte aller erw\u00e4hnten und benutzten Marken- und Warenzeichen liegen ausschlie\u00dflich bei deren Besitzern.Trotz sorgf\u00e4ltiger inhaltlicher Kontrolle \u00fcbernehmen wir keine Haftung f\u00fcr die Inhalte externer Links. F\u00fcr den Inhalt der verlinkten Seiten sind ausschlie\u00dflich deren Betreiber verantwortlich. Alle hier verwendeten Namen, Begriffe, Zeichen und Grafiken k\u00f6nnen Marken- oder Warenzeichen im Besitze ihrer rechtlichen Eigent\u00fcmer sein. Die Rechte aller erw\u00e4hnten und benutzten Marken- und Warenzeichen liegen ausschlie\u00dflich bei deren Besitzern. Weitere Informationen: Privacy Policy \/ Datenschutz Allgemeine Nutzungsbedingungen Allgemeine Gesch\u00e4ftsbedingungen (AGB) Widerrufsrecht<\/p>\n","protected":false},"author":2,"featured_media":0,"parent":0,"menu_order":0,"comment_status":"closed","ping_status":"closed","template":"","meta":{"footnotes":""},"class_list":["post-13","page","type-page","status-publish","hentry"],"aioseo_notices":[],"_links":{"self":[{"href":"https:\/\/www.reiki-rheine.de\/index.php?rest_route=\/wp\/v2\/pages\/13","targetHints":{"allow":["GET"]}}],"collection":[{"href":"https:\/\/www.reiki-rheine.de\/index.php?rest_route=\/wp\/v2\/pages"}],"about":[{"href":"https:\/\/www.reiki-rheine.de\/index.php?rest_route=\/wp\/v2\/types\/page"}],"author":[{"embeddable":true,"href":"https:\/\/www.reiki-rheine.de\/index.php?rest_route=\/wp\/v2\/users\/2"}],"replies":[{"embeddable":true,"href":"https:\/\/www.reiki-rheine.de\/index.php?rest_route=%2Fwp%2Fv2%2Fcomments&post=13"}],"version-history":[{"count":17,"href":"https:\/\/www.reiki-rheine.de\/index.php?rest_route=\/wp\/v2\/pages\/13\/revisions"}],"predecessor-version":[{"id":237,"href":"https:\/\/www.reiki-rheine.de\/index.php?rest_route=\/wp\/v2\/pages\/13\/revisions\/237"}],"wp:attachment":[{"href":"https:\/\/www.reiki-rheine.de\/index.php?rest_route=%2Fwp%2Fv2%2Fmedia&parent=13"}],"curies":[{"name":"wp","href":"https:\/\/api.w.org\/{rel}","templated":true}]}}